{"id":154,"date":"2015-07-16T09:12:44","date_gmt":"2015-07-16T09:12:44","guid":{"rendered":"http:\/\/test.kriesi.at\/minimal-portfolio\/?page_id=154"},"modified":"2021-04-22T07:02:11","modified_gmt":"2021-04-22T07:02:11","slug":"kurumsal","status":"publish","type":"page","link":"https:\/\/stoperint.com\/tr\/kurumsal\/","title":{"rendered":"Kurumsal"},"content":{"rendered":"<div id='av-layout-grid-1'  class='av-layout-grid-container entry-content-wrapper main_color av-flex-cells     avia-builder-el-0  el_before_av_section  avia-builder-el-first  container_wrap fullsize' style=' '  >\n<div class=\"flex_cell no_margin av_one_half  avia-builder-el-1  el_before_av_cell_one_half  avia-builder-el-first   avia-full-stretch \"  style='height:430px; min-height:430px;background:url(https:\/\/stoperint.com\/wp-content\/uploads\/2020\/12\/stoper-fabrika-resim-01.jpg) center left no-repeat scroll; vertical-align:top; padding:30px; ' ><div class='flex_cell_inner' ><\/div><\/div><div class=\"flex_cell no_margin av_one_half  avia-builder-el-2  el_after_av_cell_one_half  avia-builder-el-last   \"  style='height:430px; min-height:430px;vertical-align:middle; padding:30px 100px 30px 100px ; background-color:#f7f7f7; ' ><div class='flex_cell_inner' ><div class=\"flex_column av_one_full  av-animated-generic bottom-to-top  flex_column_div av-zero-column-padding first  avia-builder-el-3  avia-builder-el-no-sibling  \" style='border-radius:0px; '><p><div  style='padding-bottom:10px; ' class='av-special-heading av-special-heading-h3  blockquote modern-quote  avia-builder-el-4  el_before_av_textblock  avia-builder-el-first  '><h3 class='av-special-heading-tag '  itemprop=\"headline\"  >Stoper International Hakk\u0131nda<\/h3><div class='special-heading-border'><div class='special-heading-inner-border' ><\/div><\/div><\/div><br \/>\n<section class=\"av_textblock_section \"  itemscope=\"itemscope\" itemtype=\"https:\/\/schema.org\/CreativeWork\" ><div class='avia_textblock  '   itemprop=\"text\" ><p>Stoper International, 2020 y\u0131l\u0131nda g\u00fcvenilir, orijinal ve birinci s\u0131n\u0131f kartu\u015f ve ambalaj \u00e7\u00f6z\u00fcmleri tasarlamak, geli\u015ftirmek ve \u00fcretmek amac\u0131yla \u0130stanbul-T\u00fcrkiye&#8217;de kurulmu\u015ftur. \u015eirketin amac\u0131, en son teknoloji enjeksiyon makineleri ve IML robotlar\u0131 i\u00e7in yap\u0131lan yat\u0131r\u0131mlarla sekt\u00f6r profesyonellerine hizmet etmektir.<\/p>\n<p>Stoper International, 20 y\u0131ll\u0131k uzmanl\u0131\u011f\u0131 ile<strong> 4 k\u0131tada 12 \u00fclkeye<\/strong> \u00f6zg\u00fcn ve patentli \u00fcr\u00fcnlerini ihra\u00e7 eden Stoper End\u00fcstriyel \u00dcr\u00fcnler grup \u015firketlerinin bir markas\u0131d\u0131r.<\/p>\n<\/div><\/section><\/p><\/div>\n<\/div><\/div>\n<\/div>\n<div id='av_section_1'  class='avia-section main_color avia-section-large avia-no-border-styling  avia-bg-style-scroll  avia-builder-el-6  el_after_av_layout_row  avia-builder-el-last   container_wrap fullsize' style=' '  ><div class='container' ><div class='template-page content  av-content-full alpha units'><div class='post-entry post-entry-type-page post-entry-154'><div class='entry-content-wrapper clearfix'>\n<div class=\"flex_column av_one_half  av-animated-generic bottom-to-top  flex_column_div av-zero-column-padding first  avia-builder-el-7  el_before_av_one_half  avia-builder-el-first  \" style='border-radius:0px; '><p><div  style='padding-bottom:10px; ' class='av-special-heading av-special-heading-h3  blockquote modern-quote  avia-builder-el-8  el_before_av_textblock  avia-builder-el-first  '><h3 class='av-special-heading-tag '  itemprop=\"headline\"  >Misyon<\/h3><div class='special-heading-border'><div class='special-heading-inner-border' ><\/div><\/div><\/div><br \/>\n<section class=\"av_textblock_section \"  itemscope=\"itemscope\" itemtype=\"https:\/\/schema.org\/CreativeWork\" ><div class='avia_textblock  '   itemprop=\"text\" ><p>Kartu\u015f \u00e7\u00f6z\u00fcmleri ve Ambalaj sekt\u00f6r\u00fcnde toplumsal sorumluluk ve \u00e7evre bilinciyle;<\/p>\n<ul>\n<li>Yenilik\u00e7i teknolojileri kullanmak ve \u00fcretmek,<\/li>\n<li>Katma de\u011feri y\u00fcksek rekabet\u00e7i \u00fcr\u00fcnler \u00fcretmek,<\/li>\n<li>S\u00fcrekli iyile\u015ftirmeyi ilke edinmek,<\/li>\n<li>\u0130\u015f ortaklar\u0131na de\u011fer sa\u011flamak<\/li>\n<\/ul>\n<\/div><\/section><\/p><\/div><div class=\"flex_column av_one_half  av-animated-generic bottom-to-top  flex_column_div av-zero-column-padding   avia-builder-el-10  el_after_av_one_half  el_before_av_one_full  \" style='border-radius:0px; '><p><div  style='padding-bottom:10px; ' class='av-special-heading av-special-heading-h3  blockquote modern-quote  avia-builder-el-11  el_before_av_textblock  avia-builder-el-first  '><h3 class='av-special-heading-tag '  itemprop=\"headline\"  >Vizyon<\/h3><div class='special-heading-border'><div class='special-heading-inner-border' ><\/div><\/div><\/div><br \/>\n<section class=\"av_textblock_section \"  itemscope=\"itemscope\" itemtype=\"https:\/\/schema.org\/CreativeWork\" ><div class='avia_textblock  '   itemprop=\"text\" ><p>Kartu\u015f ve ambalaj \u00e7\u00f6z\u00fcmleri sekt\u00f6r\u00fcne y\u00f6n veren, lider, yenilik\u00e7i, tercih edilen ve \u00f6rnek al\u0131nan bir d\u00fcnya \u015firketi olmak.<\/p>\n<\/div><\/section><\/p><\/div><div class=\"flex_column av_one_full  av-animated-generic bottom-to-top  flex_column_div av-zero-column-padding first  avia-builder-el-13  el_after_av_one_half  el_before_av_one_half  column-top-margin\" style='border-radius:0px; '><p><div  style='padding-bottom:10px; ' class='av-special-heading av-special-heading-h3  blockquote modern-quote  avia-builder-el-14  el_before_av_textblock  avia-builder-el-first  '><h3 class='av-special-heading-tag '  itemprop=\"headline\"  >De\u011ferlerimiz ve \u0130lkelerimiz<\/h3><div class='special-heading-border'><div class='special-heading-inner-border' ><\/div><\/div><\/div><br \/>\n<section class=\"av_textblock_section \"  itemscope=\"itemscope\" itemtype=\"https:\/\/schema.org\/CreativeWork\" ><div class='avia_textblock  '   itemprop=\"text\" ><ul>\n<li><span style=\"font-weight: 400;\">Duyarl\u0131l\u0131k<\/span><\/li>\n<li>S\u00fcrekli Geli\u015fim<\/li>\n<li>Tak\u0131m \u00c7al\u0131\u015fmas\u0131<\/li>\n<li>G\u00fcvenilir Olmak<\/li>\n<\/ul>\n<\/div><\/section><\/p><\/div><div class=\"flex_column av_one_half  av-animated-generic bottom-to-top  flex_column_div av-zero-column-padding first  avia-builder-el-16  el_after_av_one_full  el_before_av_one_half  column-top-margin\" style='border-radius:0px; '><p><div  style='padding-bottom:10px; ' class='av-special-heading av-special-heading-h3  blockquote modern-quote  avia-builder-el-17  el_before_av_textblock  avia-builder-el-first  '><h3 class='av-special-heading-tag '  itemprop=\"headline\"  >Duyarl\u0131l\u0131k<\/h3><div class='special-heading-border'><div class='special-heading-inner-border' ><\/div><\/div><\/div><br \/>\n<section class=\"av_textblock_section \"  itemscope=\"itemscope\" itemtype=\"https:\/\/schema.org\/CreativeWork\" ><div class='avia_textblock  '   itemprop=\"text\" ><p>\u015eirketimiz \u00e7al\u0131\u015fanlar\u0131na, m\u00fc\u015fterilerine ve i\u015f ortaklar\u0131na de\u011fer verir. Stoper her durumda duyarl\u0131l\u0131k ve d\u00fcr\u00fcstl\u00fckle hareket etmeyi, ba\u015fkalar\u0131na sayg\u0131 g\u00f6stermeyi ve farkl\u0131l\u0131klara de\u011fer vermeyi ilke edinmi\u015ftir. Bunlarla beraber \u015firketimiz k\u00fcresel \u00e7evreyi korumay\u0131, i\u00e7inde ya\u015fad\u0131\u011f\u0131 ve \u00e7al\u0131\u015ft\u0131\u011f\u0131 toplumlar\u0131 geli\u015ftirmeyi ve yasa ve d\u00fczenlemelere uymay\u0131 ama\u00e7 edinmi\u015ftir.<\/p>\n<\/div><\/section><\/p><\/div><div class=\"flex_column av_one_half  av-animated-generic bottom-to-top  flex_column_div av-zero-column-padding   avia-builder-el-19  el_after_av_one_half  el_before_av_one_half  column-top-margin\" style='border-radius:0px; '><p><div  style='padding-bottom:10px; ' class='av-special-heading av-special-heading-h3  blockquote modern-quote  avia-builder-el-20  el_before_av_textblock  avia-builder-el-first  '><h3 class='av-special-heading-tag '  itemprop=\"headline\"  >Tak\u0131m \u00c7al\u0131\u015fmas\u0131<\/h3><div class='special-heading-border'><div class='special-heading-inner-border' ><\/div><\/div><\/div><br \/>\n<section class=\"av_textblock_section \"  itemscope=\"itemscope\" itemtype=\"https:\/\/schema.org\/CreativeWork\" ><div class='avia_textblock  '   itemprop=\"text\" ><p>T\u00fcm Stoper \u00e7al\u0131\u015fanlar\u0131 b\u00fcy\u00fck bir ailenin par\u00e7as\u0131 olarak birlikte \u00e7al\u0131\u015fmay\u0131 ama\u00e7 edinmi\u015flerdir. \u015eirketimiz ancak fikir, teknoloji ve yetenekleri payla\u015farak karl\u0131 bir b\u00fcy\u00fcmeye ula\u015fabilir ve bunu s\u00fcrd\u00fcrebilir.<\/p>\n<\/div><\/section><\/p><\/div><div class=\"flex_column av_one_half  av-animated-generic bottom-to-top  flex_column_div av-zero-column-padding first  avia-builder-el-22  el_after_av_one_half  el_before_av_one_half  column-top-margin\" style='border-radius:0px; '><p><div  style='padding-bottom:10px; ' class='av-special-heading av-special-heading-h3  blockquote modern-quote  avia-builder-el-23  el_before_av_textblock  avia-builder-el-first  '><h3 class='av-special-heading-tag '  itemprop=\"headline\"  >S\u00fcrekli Geli\u015fim<\/h3><div class='special-heading-border'><div class='special-heading-inner-border' ><\/div><\/div><\/div><br \/>\n<section class=\"av_textblock_section \"  itemscope=\"itemscope\" itemtype=\"https:\/\/schema.org\/CreativeWork\" ><div class='avia_textblock  '   itemprop=\"text\" ><p>Stoper hem bireysel hem de ekip olarak yapt\u0131\u011f\u0131 her i\u015fte her zaman en iyi olma ilkesini benimsemi\u015ftir. Ticari i\u015f ortaklar\u0131m\u0131z\u0131n ve m\u00fc\u015fterilerimizin beklentilerini daha iyi anlayarak, \u00fcr\u00fcnleri, hizmetleri ve y\u00f6ntemleri s\u00fcrekli yenilemeye ve geli\u015ftirmeye \u00e7abalayarak en iyi konuma gelmeyi hedeflemi\u015ftir.<\/p>\n<\/div><\/section><\/p><\/div><div class=\"flex_column av_one_half  av-animated-generic bottom-to-top  flex_column_div av-zero-column-padding   avia-builder-el-25  el_after_av_one_half  el_before_av_one_full  column-top-margin\" style='border-radius:0px; '><p><div  style='padding-bottom:10px; ' class='av-special-heading av-special-heading-h3  blockquote modern-quote  avia-builder-el-26  el_before_av_textblock  avia-builder-el-first  '><h3 class='av-special-heading-tag '  itemprop=\"headline\"  >G\u00fcvenilir Olmak<\/h3><div class='special-heading-border'><div class='special-heading-inner-border' ><\/div><\/div><\/div><br \/>\n<section class=\"av_textblock_section \"  itemscope=\"itemscope\" itemtype=\"https:\/\/schema.org\/CreativeWork\" ><div class='avia_textblock  '   itemprop=\"text\" ><div>T\u00fcm faaliyetlerimizde \u015feffaf ve hesap verebilir olmay\u0131 ilke edinen bir kurumsal y\u00f6netim anlay\u0131\u015f\u0131yla hareket ederiz.<\/div>\n<\/div><\/section><\/p><\/div><div class=\"flex_column av_one_full  av-animated-generic bottom-to-top  flex_column_div first  avia-builder-el-28  el_after_av_one_half  avia-builder-el-last  column-top-margin\" style='padding:30px; background-color:#f7f7f7; border-radius:0px; '><p><div  style='padding-bottom:20px; ' class='av-special-heading av-special-heading-h3  blockquote modern-quote modern-centered  avia-builder-el-29  el_before_av_button  avia-builder-el-first  '><h3 class='av-special-heading-tag '  itemprop=\"headline\"  >Size yard\u0131mc\u0131 olmaktan mutluluk duyar\u0131z<\/h3><div class='special-heading-border'><div class='special-heading-inner-border' ><\/div><\/div><\/div><br \/>\n<div  class='avia-button-wrap avia-button-center  avia-builder-el-30  el_after_av_heading  avia-builder-el-last ' ><a href='https:\/\/stoperint.com\/tr\/iletisim\/'  class='avia-button  avia-color-dark   avia-icon_select-no avia-size-x-large avia-position-center '   ><span class='avia_iconbox_title' >\u0130leti\u015fim<\/span><\/a><\/div><\/p><\/div>\n","protected":false},"excerpt":{"rendered":"","protected":false},"author":1,"featured_media":0,"parent":0,"menu_order":0,"comment_status":"closed","ping_status":"closed","template":"","meta":{"footnotes":""},"class_list":["post-154","page","type-page","status-publish","hentry"],"_links":{"self":[{"href":"https:\/\/stoperint.com\/tr\/wp-json\/wp\/v2\/pages\/154","targetHints":{"allow":["GET"]}}],"collection":[{"href":"https:\/\/stoperint.com\/tr\/wp-json\/wp\/v2\/pages"}],"about":[{"href":"https:\/\/stoperint.com\/tr\/wp-json\/wp\/v2\/types\/page"}],"author":[{"embeddable":true,"href":"https:\/\/stoperint.com\/tr\/wp-json\/wp\/v2\/users\/1"}],"replies":[{"embeddable":true,"href":"https:\/\/stoperint.com\/tr\/wp-json\/wp\/v2\/comments?post=154"}],"version-history":[{"count":12,"href":"https:\/\/stoperint.com\/tr\/wp-json\/wp\/v2\/pages\/154\/revisions"}],"predecessor-version":[{"id":382,"href":"https:\/\/stoperint.com\/tr\/wp-json\/wp\/v2\/pages\/154\/revisions\/382"}],"wp:attachment":[{"href":"https:\/\/stoperint.com\/tr\/wp-json\/wp\/v2\/media?parent=154"}],"curies":[{"name":"wp","href":"https:\/\/api.w.org\/{rel}","templated":true}]}}